{"id":222,"date":"2015-12-21T00:39:57","date_gmt":"2015-12-21T00:39:57","guid":{"rendered":"http:\/\/gostilnaadanic-mk.si\/?page_id=222"},"modified":"2025-12-29T10:38:57","modified_gmt":"2025-12-29T10:38:57","slug":"startseite","status":"publish","type":"page","link":"http:\/\/gostilnaadanic-mk.si\/index.php\/startseite","title":{"rendered":"Startseite"},"content":{"rendered":"<!--themify_builder_content-->\n<div id=\"themify_builder_content-222\" data-postid=\"222\" class=\"themify_builder_content themify_builder_content-222 themify_builder tf_clear\">\n    \t\t\t<!-- module_row -->\n\t<div  data-parallax-bg=\"desktop\" data-anchor=\"startseite\" data-css_id=\"mybp794\" data-lazy=\"1\" class=\"module_row themify_builder_row fullwidth tb_has_section tb_section-startseite tb_mybp794 tb_first tf_w tf_clearfix hide-mobile\">\n\t    \t\t\t<div class=\"row_inner col_align_top tb_col_count_1 tf_box tf_rel\">\n\t\t            <div  data-lazy=\"1\" class=\"module_column tb-column col-full tb_5bmz475 first\">\n                                                        <div class=\"tb-column-inner tf_box tf_w\">\n                        <!-- module image -->\n<div  class=\"module module-image tb_e13z045   image-center tf_mw wow\" data-tf-animation=\"fadeIn\" data-tf-animation_delay=\"0.1\" data-lazy=\"1\">\n        <div class=\"image-wrap tf_rel tf_mw\">\n\t\t    <img src=\"http:\/\/gostilnaadanic-mk.si\/wp-content\/uploads\/2015\/12\/SpoonLogo-332x310.png\" width=\"332\" height=\"310\" class=\"wp-post-image wp-image-71\" title=\"SpoonLogo\" alt=\"SpoonLogo\" srcset=\"http:\/\/gostilnaadanic-mk.si\/wp-content\/uploads\/2015\/12\/SpoonLogo-332x310.png 332w, http:\/\/gostilnaadanic-mk.si\/wp-content\/uploads\/2015\/12\/SpoonLogo-300x279.png 300w, http:\/\/gostilnaadanic-mk.si\/wp-content\/uploads\/2015\/12\/SpoonLogo-320x300.png 320w, http:\/\/gostilnaadanic-mk.si\/wp-content\/uploads\/2015\/12\/SpoonLogo-282x262.png 282w, http:\/\/gostilnaadanic-mk.si\/wp-content\/uploads\/2015\/12\/SpoonLogo-222x206.png 222w, http:\/\/gostilnaadanic-mk.si\/wp-content\/uploads\/2015\/12\/SpoonLogo.png 498w\" sizes=\"(max-width: 332px) 100vw, 332px\" \/>\t\n\t\t<\/div>\n\t<!-- \/image-wrap -->\n    \n    \t<\/div>\n<!-- \/module image --><!-- module text -->\n<div  class=\"module module-text tb_rtrv122    wow\" data-tf-animation=\"fadeIn\" data-tf-animation_delay=\"0.4\" data-lazy=\"1\">\n        <div  class=\"tb_text_wrap\">\n    <h1 style=\\\"text-align: center;\\\">Gasthaus Adani\u010d<\/h1>    <\/div>\n<\/div>\n<!-- \/module text --><!-- module text -->\n<div  class=\"module module-text tb_9wdv201    wow\" data-tf-animation=\"fadeIn\" data-lazy=\"1\">\n        <div  class=\"tb_text_wrap\">\n        <\/div>\n<\/div>\n<!-- \/module text --><!-- module box -->\n<div  class=\"module module-box tb_186b350 \" data-lazy=\"1\">\n        <div class=\"module-box-content ui  tb_default_color\">\n\t\t\t\t<div class=\"tb_text_wrap\"><p>Liebe G\u00e4ste und Freunde,<\/p>\n<p>nach 61 gemeinsamen Jahren ist der Moment gekommen, an dem wir die T\u00fcren unseres Gasthauses schlie\u00dfen. Diese Worte fallen uns nicht leicht, denn dieser Ort war nie nur ein Lokal \u2013 er war ein Zuhause f\u00fcr Begegnungen, Gespr\u00e4che, Feiern und allt\u00e4gliche Momente.<\/p>\n<p>Mit Ihnen haben wir das Mittagessen nach der Arbeit geteilt, Sonntagsessen mit der Familie, Lachen bei einem Glas Wein, stille Momente bei einer Tasse Kaffee und Geschichten, die \u00fcber Jahrzehnte hinweg entstanden sind. Viele von Ihnen kamen schon als Kinder zu uns, sp\u00e4ter mit ihren eigenen Familien und manche wurden Teil unseres Alltags.<\/p>\n<p>Wir danken Ihnen von Herzen f\u00fcr Ihr Vertrauen, Ihre Treue und die W\u00e4rme, die Sie mitgebracht haben. Jeder H\u00e4ndedruck, jedes L\u00e4cheln und jedes freundliche Wort haben Spuren hinterlassen. Ohne Sie h\u00e4tte diese Geschichte nicht 61 Jahre gedauert.<\/p>\n<p>Auch wenn das Gasthaus Adani\u010d ihre T\u00fcren schlie\u00dft, bleiben die Erinnerungen \u2013 eingepr\u00e4gt in jeden Winkel dieses Hauses, in Fotografien und vor allem in unseren Herzen. Wir sind stolz, Teil Ihres Lebens gewesen zu sein und zutiefst dankbar, dass Sie Teil unseres Weges waren.<\/p>\n<p>Ein aufrichtiges Dankesch\u00f6n an alle, die uns im Laufe der Jahre besucht haben. Dies ist kein Abschied, sondern ein Dank.<\/p>\n<p>Mit gro\u00dfem Respekt und tiefer Dankbarkeit,<br>Gasthaus Adani\u010d<\/p><\/div>\n    <\/div>\n<\/div>\n<!-- \/module box -->\n                    <\/div><!-- .tb-column-inner -->\n                            <\/div><!-- .module_column -->\n            \t    <\/div><!-- .row_inner -->\n\t<\/div><!-- .module_row -->\n\t\t\t\t<!-- module_row -->\n\t<div  data-anchor=\"startseite\" data-css_id=\"hecj220\" data-lazy=\"1\" class=\"module_row themify_builder_row fullwidth tb_has_section tb_section-startseite tb_hecj220 tf_w tf_clearfix hide-desktop hide-tablet\">\n\t    \t\t\t<div class=\"row_inner col_align_top tb_col_count_1 tf_box tf_rel\">\n\t\t            <div  data-lazy=\"1\" class=\"module_column tb-column col-full tb_n9fv424 first\">\n                                                        <div class=\"tb-column-inner tf_box tf_w\">\n                        <!-- module image -->\n<div  class=\"module module-image tb_nz7p550   image-center tf_mw wow\" data-tf-animation=\"fadeIn\" data-tf-animation_delay=\"0.1\" data-lazy=\"1\">\n        <div class=\"image-wrap tf_rel tf_mw\">\n\t\t    <img src=\"http:\/\/gostilnaadanic-mk.si\/wp-content\/uploads\/2015\/12\/SpoonLogo-222x206.png\" width=\"222\" height=\"206\" class=\"wp-post-image wp-image-71\" title=\"SpoonLogo\" alt=\"SpoonLogo\" srcset=\"http:\/\/gostilnaadanic-mk.si\/wp-content\/uploads\/2015\/12\/SpoonLogo-222x206.png 222w, http:\/\/gostilnaadanic-mk.si\/wp-content\/uploads\/2015\/12\/SpoonLogo-300x279.png 300w, http:\/\/gostilnaadanic-mk.si\/wp-content\/uploads\/2015\/12\/SpoonLogo-332x310.png 332w, http:\/\/gostilnaadanic-mk.si\/wp-content\/uploads\/2015\/12\/SpoonLogo-282x262.png 282w, http:\/\/gostilnaadanic-mk.si\/wp-content\/uploads\/2015\/12\/SpoonLogo.png 498w\" sizes=\"(max-width: 222px) 100vw, 222px\" \/>\t\n\t\t<\/div>\n\t<!-- \/image-wrap -->\n    \n    \t<\/div>\n<!-- \/module image --><!-- module text -->\n<div  class=\"module module-text tb_albq650    wow\" data-tf-animation=\"fadeIn\" data-tf-animation_delay=\"0.4\" data-lazy=\"1\">\n        <div  class=\"tb_text_wrap\">\n    <h1 style=\\\"text-align: center;\\\">Gasthaus Adani\u010d<\/h1>    <\/div>\n<\/div>\n<!-- \/module text --><!-- module box -->\n<div  class=\"module module-box tb_ynym597 \" data-lazy=\"1\">\n        <div class=\"module-box-content ui  tb_default_color\">\n\t\t\t\t<div class=\"tb_text_wrap\"><p>Liebe G\u00e4ste und Freunde,<\/p>\n<p>nach 64 gemeinsamen Jahren ist der Moment gekommen, an dem wir die T\u00fcren unseres Gasthauses schlie\u00dfen. Diese Worte fallen uns nicht leicht, denn dieser Ort war nie nur ein Lokal \u2013 er war ein Zuhause f\u00fcr Begegnungen, Gespr\u00e4che, Feiern und allt\u00e4gliche Momente.<\/p>\n<p>Mit Ihnen haben wir das Mittagessen nach der Arbeit geteilt, Sonntagsessen mit der Familie, Lachen bei einem Glas Wein, stille Momente bei einer Tasse Kaffee und Geschichten, die \u00fcber Jahrzehnte hinweg entstanden sind. Viele von Ihnen kamen schon als Kinder zu uns, sp\u00e4ter mit ihren eigenen Familien und manche wurden Teil unseres Alltags.<\/p>\n<p>Wir danken Ihnen von Herzen f\u00fcr Ihr Vertrauen, Ihre Treue und die W\u00e4rme, die Sie mitgebracht haben. Jeder H\u00e4ndedruck, jedes L\u00e4cheln und jedes freundliche Wort haben Spuren hinterlassen. Ohne Sie h\u00e4tte diese Geschichte nicht 64 Jahre gedauert.<\/p>\n<p>Auch wenn das Gasthaus Adani\u010d ihre T\u00fcren schlie\u00dft, bleiben die Erinnerungen \u2013 eingepr\u00e4gt in jeden Winkel dieses Hauses, in Fotografien und vor allem in unseren Herzen. Wir sind stolz, Teil Ihres Lebens gewesen zu sein und zutiefst dankbar, dass Sie Teil unseres Weges waren.<\/p>\n<p>Ein aufrichtiges Dankesch\u00f6n an alle, die uns im Laufe der Jahre besucht haben. Dies ist kein Abschied, sondern ein Dank.<\/p>\n<p>Mit gro\u00dfem Respekt und tiefer Dankbarkeit,<br>Gasthaus Adani\u010d<\/p><\/div>\n    <\/div>\n<\/div>\n<!-- \/module box -->\n                    <\/div><!-- .tb-column-inner -->\n                            <\/div><!-- .module_column -->\n            \t    <\/div><!-- .row_inner -->\n\t<\/div><!-- .module_row -->\n\t<\/div>\n<!--\/themify_builder_content-->","protected":false},"excerpt":{"rendered":"<p>Gasthaus Adani\u010d Willkommen! Speisekarte Sehr geehrte G\u00e4ste,\u00a0 wir m\u00f6chten Ihnen mitteilen, dass wir am Samstag,\u00a0den 08.04.2023, und am Sonntag, den 09.04.2023, geschlossen haben. Am Montag, den 10.04.2023, haben wir bis 15. Uhr ge\u00f6ffnet. Wir danken f\u00fcr Ihr Verst\u00e4ndnis und w\u00fcnschen Ihnen frohe Ostern! Gasthaus Adani\u010d Willkommen! Speisekarte \u00dcber Uns Das Gasthaus Adani\u010d liegt im Nordosten [&hellip;]<\/p>\n","protected":false},"author":1,"featured_media":0,"parent":0,"menu_order":0,"comment_status":"closed","ping_status":"closed","template":"","meta":[],"builder_content":"<img src=\"http:\/\/gostilnaadanic-mk.si\/wp-content\/uploads\/2015\/12\/SpoonLogo-332x310.png\" width=\"332\" height=\"310\" title=\"SpoonLogo\" alt=\"SpoonLogo\" srcset=\"http:\/\/gostilnaadanic-mk.si\/wp-content\/uploads\/2015\/12\/SpoonLogo-332x310.png 332w, http:\/\/gostilnaadanic-mk.si\/wp-content\/uploads\/2015\/12\/SpoonLogo-300x279.png 300w, http:\/\/gostilnaadanic-mk.si\/wp-content\/uploads\/2015\/12\/SpoonLogo-320x300.png 320w, http:\/\/gostilnaadanic-mk.si\/wp-content\/uploads\/2015\/12\/SpoonLogo-282x262.png 282w, http:\/\/gostilnaadanic-mk.si\/wp-content\/uploads\/2015\/12\/SpoonLogo-222x206.png 222w, http:\/\/gostilnaadanic-mk.si\/wp-content\/uploads\/2015\/12\/SpoonLogo.png 498w\" sizes=\"(max-width: 332px) 100vw, 332px\" \/>\n<h1 style=\\\"text-align: center;\\\">Gasthaus Adani\u010d<\/h1>\n\n<p>Liebe G\u00e4ste und Freunde,<\/p> <p>nach 61 gemeinsamen Jahren ist der Moment gekommen, an dem wir die T\u00fcren unseres Gasthauses schlie\u00dfen. Diese Worte fallen uns nicht leicht, denn dieser Ort war nie nur ein Lokal \u2013 er war ein Zuhause f\u00fcr Begegnungen, Gespr\u00e4che, Feiern und allt\u00e4gliche Momente.<\/p> <p>Mit Ihnen haben wir das Mittagessen nach der Arbeit geteilt, Sonntagsessen mit der Familie, Lachen bei einem Glas Wein, stille Momente bei einer Tasse Kaffee und Geschichten, die \u00fcber Jahrzehnte hinweg entstanden sind. Viele von Ihnen kamen schon als Kinder zu uns, sp\u00e4ter mit ihren eigenen Familien und manche wurden Teil unseres Alltags.<\/p> <p>Wir danken Ihnen von Herzen f\u00fcr Ihr Vertrauen, Ihre Treue und die W\u00e4rme, die Sie mitgebracht haben. Jeder H\u00e4ndedruck, jedes L\u00e4cheln und jedes freundliche Wort haben Spuren hinterlassen. Ohne Sie h\u00e4tte diese Geschichte nicht 61 Jahre gedauert.<\/p> <p>Auch wenn das Gasthaus Adani\u010d ihre T\u00fcren schlie\u00dft, bleiben die Erinnerungen \u2013 eingepr\u00e4gt in jeden Winkel dieses Hauses, in Fotografien und vor allem in unseren Herzen. Wir sind stolz, Teil Ihres Lebens gewesen zu sein und zutiefst dankbar, dass Sie Teil unseres Weges waren.<\/p> <p>Ein aufrichtiges Dankesch\u00f6n an alle, die uns im Laufe der Jahre besucht haben. Dies ist kein Abschied, sondern ein Dank.<\/p> <p>Mit gro\u00dfem Respekt und tiefer Dankbarkeit,<br>Gasthaus Adani\u010d<\/p>\n<img src=\"http:\/\/gostilnaadanic-mk.si\/wp-content\/uploads\/2015\/12\/SpoonLogo-222x206.png\" width=\"222\" height=\"206\" title=\"SpoonLogo\" alt=\"SpoonLogo\" srcset=\"http:\/\/gostilnaadanic-mk.si\/wp-content\/uploads\/2015\/12\/SpoonLogo-222x206.png 222w, http:\/\/gostilnaadanic-mk.si\/wp-content\/uploads\/2015\/12\/SpoonLogo-300x279.png 300w, http:\/\/gostilnaadanic-mk.si\/wp-content\/uploads\/2015\/12\/SpoonLogo-332x310.png 332w, http:\/\/gostilnaadanic-mk.si\/wp-content\/uploads\/2015\/12\/SpoonLogo-282x262.png 282w, http:\/\/gostilnaadanic-mk.si\/wp-content\/uploads\/2015\/12\/SpoonLogo.png 498w\" sizes=\"(max-width: 222px) 100vw, 222px\" \/>\n<h1 style=\\\"text-align: center;\\\">Gasthaus Adani\u010d<\/h1>\n<p>Liebe G\u00e4ste und Freunde,<\/p> <p>nach 64 gemeinsamen Jahren ist der Moment gekommen, an dem wir die T\u00fcren unseres Gasthauses schlie\u00dfen. Diese Worte fallen uns nicht leicht, denn dieser Ort war nie nur ein Lokal \u2013 er war ein Zuhause f\u00fcr Begegnungen, Gespr\u00e4che, Feiern und allt\u00e4gliche Momente.<\/p> <p>Mit Ihnen haben wir das Mittagessen nach der Arbeit geteilt, Sonntagsessen mit der Familie, Lachen bei einem Glas Wein, stille Momente bei einer Tasse Kaffee und Geschichten, die \u00fcber Jahrzehnte hinweg entstanden sind. Viele von Ihnen kamen schon als Kinder zu uns, sp\u00e4ter mit ihren eigenen Familien und manche wurden Teil unseres Alltags.<\/p> <p>Wir danken Ihnen von Herzen f\u00fcr Ihr Vertrauen, Ihre Treue und die W\u00e4rme, die Sie mitgebracht haben. Jeder H\u00e4ndedruck, jedes L\u00e4cheln und jedes freundliche Wort haben Spuren hinterlassen. Ohne Sie h\u00e4tte diese Geschichte nicht 64 Jahre gedauert.<\/p> <p>Auch wenn das Gasthaus Adani\u010d ihre T\u00fcren schlie\u00dft, bleiben die Erinnerungen \u2013 eingepr\u00e4gt in jeden Winkel dieses Hauses, in Fotografien und vor allem in unseren Herzen. Wir sind stolz, Teil Ihres Lebens gewesen zu sein und zutiefst dankbar, dass Sie Teil unseres Weges waren.<\/p> <p>Ein aufrichtiges Dankesch\u00f6n an alle, die uns im Laufe der Jahre besucht haben. Dies ist kein Abschied, sondern ein Dank.<\/p> <p>Mit gro\u00dfem Respekt und tiefer Dankbarkeit,<br>Gasthaus Adani\u010d<\/p>","_links":{"self":[{"href":"http:\/\/gostilnaadanic-mk.si\/index.php\/wp-json\/wp\/v2\/pages\/222"}],"collection":[{"href":"http:\/\/gostilnaadanic-mk.si\/index.php\/wp-json\/wp\/v2\/pages"}],"about":[{"href":"http:\/\/gostilnaadanic-mk.si\/index.php\/wp-json\/wp\/v2\/types\/page"}],"author":[{"embeddable":true,"href":"http:\/\/gostilnaadanic-mk.si\/index.php\/wp-json\/wp\/v2\/users\/1"}],"replies":[{"embeddable":true,"href":"http:\/\/gostilnaadanic-mk.si\/index.php\/wp-json\/wp\/v2\/comments?post=222"}],"version-history":[{"count":43,"href":"http:\/\/gostilnaadanic-mk.si\/index.php\/wp-json\/wp\/v2\/pages\/222\/revisions"}],"predecessor-version":[{"id":5405,"href":"http:\/\/gostilnaadanic-mk.si\/index.php\/wp-json\/wp\/v2\/pages\/222\/revisions\/5405"}],"wp:attachment":[{"href":"http:\/\/gostilnaadanic-mk.si\/index.php\/wp-json\/wp\/v2\/media?parent=222"}],"curies":[{"name":"wp","href":"https:\/\/api.w.org\/{rel}","templated":true}]}}