{"id":219,"date":"2015-12-21T00:36:54","date_gmt":"2015-12-21T00:36:54","guid":{"rendered":"http:\/\/gostilnaadanic-mk.si\/?page_id=219"},"modified":"2016-02-04T13:10:09","modified_gmt":"2016-02-04T13:10:09","slug":"gasthaus-adanic","status":"publish","type":"page","link":"https:\/\/gostilnaadanic-mk.si\/index.php\/gasthaus-adanic","title":{"rendered":"Gasthaus Adani\u010d"},"content":{"rendered":"<p style=\"text-align: center;\"><span style=\"color: #000000;\"><span class=\"\" style=\"display:block;clear:both;height: 0px;padding-top: 150px;border-top-width:0px;border-bottom-width:0px;\"><\/span><\/span><\/p>\n<p style=\"text-align: center;\"><span class=\"text_exposed_show\" style=\"color: #000000;\">Das Gasthaus Adani\u010d liegt im Nordosten Sloweniens zwischen Gornja Radgona und dem Kurbad Radenci in dem kleinen Dorf Mele. Es wurde im Jahr 1971 gebaut und bis zu ihrer Pensionierung erfolgreich von Cvetka Adani\u010d geleitet. Im Jahr 1992 \u00fcbernahm Tochter Marjana Kramberger das Gasthaus, die es renovierte. So entstand ein modernes slowenische Gasthaus mit einem umfangreichen Angebot an slowenischen und internationalen Gerichten. Das Gasthaus Adani\u010d ist insbesondere f\u00fcr seine kreativen, saisonalen Gerichte, frisch gemachte Salate aus dem reichen Salatb\u00fcfett und f\u00fcr das Nationalgericht &#8220;\u0160truklji&#8221; (Kochstrudel) bekannt. Wir freuen uns auf Ihren Besuch und begr\u00fc\u00dfen Sie herzlichst!<\/span><\/p>\n<p style=\"text-align: center;\"><span style=\"color: #000000;\"><span class=\"\" style=\"display:block;clear:both;height: 0px;padding-top: 150px;border-top-width:0px;border-bottom-width:0px;\"><\/span><\/span><\/p>\n<!--themify_builder_content-->\n<div id=\"themify_builder_content-219\" data-postid=\"219\" class=\"themify_builder_content themify_builder_content-219 themify_builder tf_clear\">\n    <\/div>\n<!--\/themify_builder_content-->\n","protected":false},"excerpt":{"rendered":"<p>Das Gasthaus Adani\u010d liegt im Nordosten Sloweniens zwischen Gornja Radgona und dem Kurbad Radenci in dem kleinen Dorf Mele. Es wurde im Jahr 1971 gebaut und bis zu ihrer Pensionierung erfolgreich von Cvetka Adani\u010d geleitet. Im Jahr 1992 \u00fcbernahm Tochter Marjana Kramberger das Gasthaus, die es renovierte. So entstand ein modernes slowenische Gasthaus mit einem [&hellip;]<\/p>\n","protected":false},"author":1,"featured_media":0,"parent":0,"menu_order":0,"comment_status":"closed","ping_status":"closed","template":"full-width-page.php","meta":[],"builder_content":"","_links":{"self":[{"href":"https:\/\/gostilnaadanic-mk.si\/index.php\/wp-json\/wp\/v2\/pages\/219"}],"collection":[{"href":"https:\/\/gostilnaadanic-mk.si\/index.php\/wp-json\/wp\/v2\/pages"}],"about":[{"href":"https:\/\/gostilnaadanic-mk.si\/index.php\/wp-json\/wp\/v2\/types\/page"}],"author":[{"embeddable":true,"href":"https:\/\/gostilnaadanic-mk.si\/index.php\/wp-json\/wp\/v2\/users\/1"}],"replies":[{"embeddable":true,"href":"https:\/\/gostilnaadanic-mk.si\/index.php\/wp-json\/wp\/v2\/comments?post=219"}],"version-history":[{"count":1,"href":"https:\/\/gostilnaadanic-mk.si\/index.php\/wp-json\/wp\/v2\/pages\/219\/revisions"}],"predecessor-version":[{"id":4001,"href":"https:\/\/gostilnaadanic-mk.si\/index.php\/wp-json\/wp\/v2\/pages\/219\/revisions\/4001"}],"wp:attachment":[{"href":"https:\/\/gostilnaadanic-mk.si\/index.php\/wp-json\/wp\/v2\/media?parent=219"}],"curies":[{"name":"wp","href":"https:\/\/api.w.org\/{rel}","templated":true}]}}