{"id":35,"date":"2015-12-05T22:34:35","date_gmt":"2015-12-05T22:34:35","guid":{"rendered":"http:\/\/gostilnaadanic-mk.si\/wordpress\/?page_id=35"},"modified":"2025-12-29T10:34:11","modified_gmt":"2025-12-29T10:34:11","slug":"domov","status":"publish","type":"page","link":"https:\/\/gostilnaadanic-mk.si\/index.php\/domov","title":{"rendered":"Domov"},"content":{"rendered":"<p><\/p>\n<!--themify_builder_content-->\n<div id=\"themify_builder_content-35\" data-postid=\"35\" class=\"themify_builder_content themify_builder_content-35 themify_builder tf_clear\">\n    \t\t\t<!-- module_row -->\n\t<div  data-parallax-bg=\"desktop\" data-anchor=\"domov\" data-css_id=\"v4j1991\" data-lazy=\"1\" class=\"module_row themify_builder_row fullwidth tb_has_section tb_section-domov tb_v4j1991 tb_first tf_w tf_clearfix hide-mobile\">\n\t    \t\t\t<div class=\"row_inner col_align_top tb_col_count_1 tf_box tf_rel\">\n\t\t            <div  data-lazy=\"1\" class=\"module_column tb-column col-full tb_iz18222 first\">\n                                                        <div class=\"tb-column-inner tf_box tf_w\">\n                        <!-- module image -->\n<div  class=\"module module-image tb_wu7f920   image-center tf_mw wow\" data-tf-animation=\"fadeIn\" data-tf-animation_delay=\"0.1\" data-lazy=\"1\">\n        <div class=\"image-wrap tf_rel tf_mw\">\n\t\t    <img src=\"http:\/\/gostilnaadanic-mk.si\/wp-content\/uploads\/2015\/12\/SpoonLogo.png\" width=\"332\" height=\"310\" title=\"Domov\" alt=\"Domov\">\t\n\t\t<\/div>\n\t<!-- \/image-wrap -->\n    \n    \t<\/div>\n<!-- \/module image --><!-- module text -->\n<div  class=\"module module-text tb_8e6i800    wow\" data-tf-animation=\"fadeIn\" data-tf-animation_delay=\"0.4\" data-lazy=\"1\">\n        <div  class=\"tb_text_wrap\">\n    <h1 style=\\\"text-align: center;\\\">Gostilna Adani\u010d<\/h1>    <\/div>\n<\/div>\n<!-- \/module text -->\t<div  data-lazy=\"1\" class=\"module_subrow themify_builder_sub_row tb_1ujm000 tf_w tf_clearfix\">\n\t    \t\t\t<div class=\"subrow_inner col_align_top tb_col_count_2 tf_box tf_w\">\n\t\t            <div  data-lazy=\"1\" class=\"module_column sub_column col4-2 tb_ceay102 first\">\n                                                <\/div><!-- .module_column -->\n                        <div  data-lazy=\"1\" class=\"module_column sub_column col4-2 tb_abpk922 last\">\n                                                <\/div><!-- .module_column -->\n            \t    <\/div><!-- .subrow_inner -->\n\t<\/div><!-- .themify_builder_sub_row -->\n\t<!-- module text -->\n<div  class=\"module module-text tb_ciap000   \" data-lazy=\"1\">\n        <div  class=\"tb_text_wrap\">\n        <\/div>\n<\/div>\n<!-- \/module text --><!-- module box -->\n<div  class=\"module module-box tb_8xvo185 \" data-lazy=\"1\">\n        <div class=\"module-box-content ui  tb_default_color\">\n\t\t\t\t<div class=\"tb_text_wrap\"><p>Dragi na\u0161i gostje, prijatelji in sosedje,\u00a0<\/p>\n<p>po 61 letih skupne poti je napo\u010dil trenutek, ko zapiramo vrata na\u0161e gostilne. Te besede niso lahke, saj ta prostor nikoli ni bil le lokal &#8211; bil je dom sre\u010devanj, pogovorov, praznovanj in vsakdanjih postankov.<br><br>Z Vami smo delili kosila po delu, nedeljska kosila z dru\u017einami, smeh ob kozarcu vina, ti\u0161ino ob kavi in zgodbe, ki so se pisale desetletja. Mnogi ste k nam prihajali \u017ee kot otroci, kasneje s svojimi dru\u017einami, nekateri pa ste postali del na\u0161ega vsakdana.<br><br>Hvala Vam za zaupanje, zvestobo in toplino, ki ste jo prina\u0161ali s seboj. Vsak stisk roke, vsak nasmeh in vsaka beseda pohvale so pustili sled. Brez Vas ta zgoda ne bi trajala 61 let.\u00a0<br><br>\u010ceprav se Gostilna Adani\u010d zapira, spomini ostajajo &#8211; vtisnjeni v vsak koti\u010dek tega prostora, v fotografijah in predvsem v srcih. Ponosni smo, da smo bili del Va\u0161ih \u017eivljenj in hvale\u017eni, da ste bili del na\u0161ega. <br><br>Iskrena hvala vsem, ki ste skozi leta stopili k nam. To ni slovo, temve\u010d zahvala.<br><br>Z globokim spo\u0161tovanjem in hvale\u017enostjo,<br>Kolektiv Gostilne Adani\u010d<\/p><\/div>\n    <\/div>\n<\/div>\n<!-- \/module box -->\n                    <\/div><!-- .tb-column-inner -->\n                            <\/div><!-- .module_column -->\n            \t    <\/div><!-- .row_inner -->\n\t<\/div><!-- .module_row -->\n\t\t\t\t<!-- module_row -->\n\t<div  data-anchor=\"domov\" data-css_id=\"czar020\" data-lazy=\"1\" class=\"module_row themify_builder_row fullwidth tb_has_section tb_section-domov tb_czar020 tf_w tf_clearfix hide-desktop hide-tablet\">\n\t    \t\t\t<div class=\"row_inner col_align_top tb_col_count_1 tf_box tf_rel\">\n\t\t            <div  data-lazy=\"1\" class=\"module_column tb-column col-full tb_0v0w200 first\">\n                                                        <div class=\"tb-column-inner tf_box tf_w\">\n                        <!-- module image -->\n<div  class=\"module module-image tb_2l9u622   image-center tf_mw wow\" data-tf-animation=\"fadeIn\" data-tf-animation_delay=\"0.1\" data-lazy=\"1\">\n        <div class=\"image-wrap tf_rel tf_mw\">\n\t\t    <img src=\"http:\/\/gostilnaadanic-mk.si\/wp-content\/uploads\/2015\/12\/SpoonLogo.png\" width=\"222\" height=\"206\" title=\"Domov\" alt=\"Domov\">\t\n\t\t<\/div>\n\t<!-- \/image-wrap -->\n    \n    \t<\/div>\n<!-- \/module image --><!-- module text -->\n<div  class=\"module module-text tb_psy1200    wow\" data-tf-animation=\"fadeIn\" data-tf-animation_delay=\"0.4\" data-lazy=\"1\">\n        <div  class=\"tb_text_wrap\">\n    <h1 style=\\\"text-align: center;\\\">Gostilna Adani\u010d<\/h1>    <\/div>\n<\/div>\n<!-- \/module text --><!-- module box -->\n<div  class=\"module module-box tb_spii746 \" data-lazy=\"1\">\n        <div class=\"module-box-content ui  tb_default_color\">\n\t\t\t\t<div class=\"tb_text_wrap\"><p>Dragi na\u0161i gostje, prijatelji in sosedje,\u00a0<\/p>\n<p>po 64 letih skupne poti je napo\u010dil trenutek, ko zapiramo vrata na\u0161e gostilne. Te besede niso lahke, saj ta prostor nikoli ni bil le lokal &#8211; bil je dom sre\u010devanj, pogovorov, praznovanj in vsakdanjih postankov.<br><br>Z Vami smo delili kosila po delu, nedeljska kosila z dru\u017einami, smeh ob kozarcu vina, ti\u0161ino ob kavi in zgodbe, ki so se pisale desetletja. Mnogi ste k nam prihajali \u017ee kot otroci, kasneje s svojimi dru\u017einami, nekateri pa ste postali del na\u0161ega vsakdana.<br><br>Hvala Vam za zaupanje, zvestobo in toplino, ki ste jo prina\u0161ali s seboj. Vsak stisk roke, vsak nasmeh in vsaka beseda pohvale so pustili sled. Brez Vas ta zgoda ne bi trajala 64 let.\u00a0<br><br>\u010ceprav se Gostilna Adani\u010d zapira, spomini ostajajo &#8211; vtisnjeni v vsak koti\u010dek tega prostora, v fotografijah in predvsem v srcih. Ponosni smo, da smo bili del Va\u0161ih \u017eivljenj in hvale\u017eni, da ste bili del na\u0161ega. <br><br>Iskrena hvala vsem, ki ste skozi leta stopili k nam. To ni slovo, temve\u010d zahvala.<br><br>Z globokim spo\u0161tovanjem in hvale\u017enostjo,<br>Kolektiv Gostilne Adani\u010d<\/p><\/div>\n    <\/div>\n<\/div>\n<!-- \/module box -->\n                    <\/div><!-- .tb-column-inner -->\n                            <\/div><!-- .module_column -->\n            \t    <\/div><!-- .row_inner -->\n\t<\/div><!-- .module_row -->\n\t<\/div>\n<!--\/themify_builder_content-->","protected":false},"excerpt":{"rendered":"","protected":false},"author":1,"featured_media":0,"parent":0,"menu_order":0,"comment_status":"closed","ping_status":"closed","template":"","meta":[],"builder_content":"<img src=\"http:\/\/gostilnaadanic-mk.si\/wp-content\/uploads\/2015\/12\/SpoonLogo.png\" width=\"332\" height=\"310\" title=\"Domov\" alt=\"Domov\">\n<h1 style=\\\"text-align: center;\\\">Gostilna Adani\u010d<\/h1>\n\n<p>Dragi na\u0161i gostje, prijatelji in sosedje,\u00a0<\/p> <p>po 61 letih skupne poti je napo\u010dil trenutek, ko zapiramo vrata na\u0161e gostilne. Te besede niso lahke, saj ta prostor nikoli ni bil le lokal - bil je dom sre\u010devanj, pogovorov, praznovanj in vsakdanjih postankov.<br><br>Z Vami smo delili kosila po delu, nedeljska kosila z dru\u017einami, smeh ob kozarcu vina, ti\u0161ino ob kavi in zgodbe, ki so se pisale desetletja. Mnogi ste k nam prihajali \u017ee kot otroci, kasneje s svojimi dru\u017einami, nekateri pa ste postali del na\u0161ega vsakdana.<br><br>Hvala Vam za zaupanje, zvestobo in toplino, ki ste jo prina\u0161ali s seboj. Vsak stisk roke, vsak nasmeh in vsaka beseda pohvale so pustili sled. Brez Vas ta zgoda ne bi trajala 61 let.\u00a0<br><br>\u010ceprav se Gostilna Adani\u010d zapira, spomini ostajajo - vtisnjeni v vsak koti\u010dek tega prostora, v fotografijah in predvsem v srcih. Ponosni smo, da smo bili del Va\u0161ih \u017eivljenj in hvale\u017eni, da ste bili del na\u0161ega. <br><br>Iskrena hvala vsem, ki ste skozi leta stopili k nam. To ni slovo, temve\u010d zahvala.<br><br>Z globokim spo\u0161tovanjem in hvale\u017enostjo,<br>Kolektiv Gostilne Adani\u010d<\/p>\n<img src=\"http:\/\/gostilnaadanic-mk.si\/wp-content\/uploads\/2015\/12\/SpoonLogo.png\" width=\"222\" height=\"206\" title=\"Domov\" alt=\"Domov\">\n<h1 style=\\\"text-align: center;\\\">Gostilna Adani\u010d<\/h1>\n<p>Dragi na\u0161i gostje, prijatelji in sosedje,\u00a0<\/p> <p>po 64 letih skupne poti je napo\u010dil trenutek, ko zapiramo vrata na\u0161e gostilne. Te besede niso lahke, saj ta prostor nikoli ni bil le lokal - bil je dom sre\u010devanj, pogovorov, praznovanj in vsakdanjih postankov.<br><br>Z Vami smo delili kosila po delu, nedeljska kosila z dru\u017einami, smeh ob kozarcu vina, ti\u0161ino ob kavi in zgodbe, ki so se pisale desetletja. Mnogi ste k nam prihajali \u017ee kot otroci, kasneje s svojimi dru\u017einami, nekateri pa ste postali del na\u0161ega vsakdana.<br><br>Hvala Vam za zaupanje, zvestobo in toplino, ki ste jo prina\u0161ali s seboj. Vsak stisk roke, vsak nasmeh in vsaka beseda pohvale so pustili sled. Brez Vas ta zgoda ne bi trajala 64 let.\u00a0<br><br>\u010ceprav se Gostilna Adani\u010d zapira, spomini ostajajo - vtisnjeni v vsak koti\u010dek tega prostora, v fotografijah in predvsem v srcih. Ponosni smo, da smo bili del Va\u0161ih \u017eivljenj in hvale\u017eni, da ste bili del na\u0161ega. <br><br>Iskrena hvala vsem, ki ste skozi leta stopili k nam. To ni slovo, temve\u010d zahvala.<br><br>Z globokim spo\u0161tovanjem in hvale\u017enostjo,<br>Kolektiv Gostilne Adani\u010d<\/p>","_links":{"self":[{"href":"https:\/\/gostilnaadanic-mk.si\/index.php\/wp-json\/wp\/v2\/pages\/35"}],"collection":[{"href":"https:\/\/gostilnaadanic-mk.si\/index.php\/wp-json\/wp\/v2\/pages"}],"about":[{"href":"https:\/\/gostilnaadanic-mk.si\/index.php\/wp-json\/wp\/v2\/types\/page"}],"author":[{"embeddable":true,"href":"https:\/\/gostilnaadanic-mk.si\/index.php\/wp-json\/wp\/v2\/users\/1"}],"replies":[{"embeddable":true,"href":"https:\/\/gostilnaadanic-mk.si\/index.php\/wp-json\/wp\/v2\/comments?post=35"}],"version-history":[{"count":54,"href":"https:\/\/gostilnaadanic-mk.si\/index.php\/wp-json\/wp\/v2\/pages\/35\/revisions"}],"predecessor-version":[{"id":5403,"href":"https:\/\/gostilnaadanic-mk.si\/index.php\/wp-json\/wp\/v2\/pages\/35\/revisions\/5403"}],"wp:attachment":[{"href":"https:\/\/gostilnaadanic-mk.si\/index.php\/wp-json\/wp\/v2\/media?parent=35"}],"curies":[{"name":"wp","href":"https:\/\/api.w.org\/{rel}","templated":true}]}}