{"id":44,"date":"2015-12-05T22:38:10","date_gmt":"2015-12-05T22:38:10","guid":{"rendered":"http:\/\/gostilnaadanic-mk.si\/wordpress\/?page_id=44"},"modified":"2017-04-29T12:08:45","modified_gmt":"2017-04-29T12:08:45","slug":"gostilna-adanic","status":"publish","type":"page","link":"https:\/\/gostilnaadanic-mk.si\/index.php\/gostilna-adanic","title":{"rendered":"Gostilna Adani\u010d"},"content":{"rendered":"<p style=\"text-align: center;\"><span style=\"color: #000000;\"><span class=\"\" style=\"display:block;clear:both;height: 0px;padding-top: 150px;border-top-width:0px;border-bottom-width:0px;\"><\/span><\/span><\/p>\n<p style=\"text-align: center;\"><span style=\"color: #000000;\">Gostilna Adani\u010d le\u017ei v severovzhodnem delu Slovenije med Gornjo Radgono in zdravili\u0161\u010dem Radenci v vasici Mele. Zgrajena je bila<span class=\"text_exposed_show\"> leta 1971 in vse do svoje upokojitve jo je uspe\u0161no vodila Cvetka Adani\u010d. Leta 1992 je gostilno prevzela h\u010derka Marjana Kramberger, ki jo je preuredila in tako je nastala sodobna slovenska gostilna s \u0161iroko ponudbo slovenskih doma\u010dih in modernih jedi po naro\u010dilu. \u0160e posebej je gostilna Adani\u010d postala poznana po kreativnih sezonskih ponudbah, vegetarijanskih\u00a0in presnih jedeh, sve\u017ee pripravljenih solatah iz solatnega bifeja in po \u0161trukljih, ki so slovenska narodna jed. Veselimo se Va\u0161ega obiska in Vas prav prisr\u010dno pozdravljamo!<\/span><\/span><\/p>\n<p style=\"text-align: center;\"><span style=\"color: #000000;\"><span class=\"\" style=\"display:block;clear:both;height: 0px;padding-top: 150px;border-top-width:0px;border-bottom-width:0px;\"><\/span><\/span><\/p>\n<!--themify_builder_content-->\n<div id=\"themify_builder_content-44\" data-postid=\"44\" class=\"themify_builder_content themify_builder_content-44 themify_builder tf_clear\">\n    <\/div>\n<!--\/themify_builder_content-->\n","protected":false},"excerpt":{"rendered":"<p>Gostilna Adani\u010d le\u017ei v severovzhodnem delu Slovenije med Gornjo Radgono in zdravili\u0161\u010dem Radenci v vasici Mele. Zgrajena je bila leta 1971 in vse do svoje upokojitve jo je uspe\u0161no vodila Cvetka Adani\u010d. Leta 1992 je gostilno prevzela h\u010derka Marjana Kramberger, ki jo je preuredila in tako je nastala sodobna slovenska gostilna s \u0161iroko ponudbo slovenskih [&hellip;]<\/p>\n","protected":false},"author":1,"featured_media":0,"parent":0,"menu_order":0,"comment_status":"closed","ping_status":"closed","template":"full-width-page.php","meta":[],"builder_content":"","_links":{"self":[{"href":"https:\/\/gostilnaadanic-mk.si\/index.php\/wp-json\/wp\/v2\/pages\/44"}],"collection":[{"href":"https:\/\/gostilnaadanic-mk.si\/index.php\/wp-json\/wp\/v2\/pages"}],"about":[{"href":"https:\/\/gostilnaadanic-mk.si\/index.php\/wp-json\/wp\/v2\/types\/page"}],"author":[{"embeddable":true,"href":"https:\/\/gostilnaadanic-mk.si\/index.php\/wp-json\/wp\/v2\/users\/1"}],"replies":[{"embeddable":true,"href":"https:\/\/gostilnaadanic-mk.si\/index.php\/wp-json\/wp\/v2\/comments?post=44"}],"version-history":[{"count":1,"href":"https:\/\/gostilnaadanic-mk.si\/index.php\/wp-json\/wp\/v2\/pages\/44\/revisions"}],"predecessor-version":[{"id":4259,"href":"https:\/\/gostilnaadanic-mk.si\/index.php\/wp-json\/wp\/v2\/pages\/44\/revisions\/4259"}],"wp:attachment":[{"href":"https:\/\/gostilnaadanic-mk.si\/index.php\/wp-json\/wp\/v2\/media?parent=44"}],"curies":[{"name":"wp","href":"https:\/\/api.w.org\/{rel}","templated":true}]}}